{"id":205,"date":"2022-06-09T04:29:47","date_gmt":"2022-06-09T04:29:47","guid":{"rendered":"http:\/\/store1.failoverhosting.com.vn\/?post_type=product&#038;p=205"},"modified":"2022-07-01T06:37:47","modified_gmt":"2022-07-01T06:37:47","slug":"thoi-trang-thiet-ke","status":"publish","type":"product","link":"https:\/\/store1.failoverhosting.com.vn\/?product=thoi-trang-thiet-ke","title":{"rendered":"Th\u01a1\u0300i trang thi\u00ea\u0301t k\u00ea\u0301"},"content":{"rendered":"<p>\u0110\u00e3 l\u00e0 ph\u1ee5 n\u1eef th\u00ec ph\u1ea3i bi\u1ebft m\u1eb7c \u0111\u1eb9p v\u00e0 l\u1ef1a cho m\u00ecnh nh\u1eefng b\u1ed9 \u0111\u1ed3 sang tr\u1ecdng, qu\u00fd ph\u00e1i \u0111\u1ec3 t\u1ef1 tin n\u1ed5i b\u1eadt \u1edf b\u1ea5t k\u1ef3 n\u01a1i \u0111\u00e2u, t\u1eeb c\u00f4ng s\u1edf \u0111\u1ebfn b\u00e0n ti\u1ec7c \u0111\u1ec1u thu h\u00fat m\u1ecdi \u00e1nh m\u1eaft c\u1ee7a nh\u1eefng ng\u01b0\u1eddi xung quanh.<\/p>\n","protected":false},"excerpt":{"rendered":"<p>N\u1ed7i \u0111au ch\u00ednh l\u00e0 t\u00ecnh y\u00eau, l\u00e0 h\u1ec7 th\u1ed1ng l\u01b0u tr\u1eef ch\u00ednh. Kh\u1ed1i l\u01b0\u1ee3ng l\u00e0 \u0111i\u1ec1u th\u00fa v\u1ecb nh\u1ea5t. \u0110\u00e2y l\u00e0 n\u00f3 \u0111\u00e2y \u1edf M\u1ef9<\/p>\n","protected":false},"featured_media":72,"comment_status":"open","ping_status":"closed","template":"","meta":[],"product_cat":[35],"product_tag":[54],"activity_type":[18,19,17,16,20],"class_list":{"0":"post-205","1":"product","2":"type-product","3":"status-publish","4":"has-post-thumbnail","6":"product_cat-vay","7":"product_tag-thoi-trang-thiet-ke","8":"type_product-ban-chay-nhat","9":"type_product-san-pham-dac-sac","10":"type_product-san-pham-duoc-de-nghi","11":"type_product-san-pham-moi","12":"type_product-san-pham-noi-bat","14":"first","15":"instock","16":"shipping-taxable","17":"purchasable","18":"product-type-simple"},"_links":{"self":[{"href":"https:\/\/store1.failoverhosting.com.vn\/index.php?rest_route=\/wp\/v2\/product\/205","targetHints":{"allow":["GET"]}}],"collection":[{"href":"https:\/\/store1.failoverhosting.com.vn\/index.php?rest_route=\/wp\/v2\/product"}],"about":[{"href":"https:\/\/store1.failoverhosting.com.vn\/index.php?rest_route=\/wp\/v2\/types\/product"}],"replies":[{"embeddable":true,"href":"https:\/\/store1.failoverhosting.com.vn\/index.php?rest_route=%2Fwp%2Fv2%2Fcomments&post=205"}],"wp:featuredmedia":[{"embeddable":true,"href":"https:\/\/store1.failoverhosting.com.vn\/index.php?rest_route=\/wp\/v2\/media\/72"}],"wp:attachment":[{"href":"https:\/\/store1.failoverhosting.com.vn\/index.php?rest_route=%2Fwp%2Fv2%2Fmedia&parent=205"}],"wp:term":[{"taxonomy":"product_cat","embeddable":true,"href":"https:\/\/store1.failoverhosting.com.vn\/index.php?rest_route=%2Fwp%2Fv2%2Fproduct_cat&post=205"},{"taxonomy":"product_tag","embeddable":true,"href":"https:\/\/store1.failoverhosting.com.vn\/index.php?rest_route=%2Fwp%2Fv2%2Fproduct_tag&post=205"},{"taxonomy":"type_product","embeddable":true,"href":"https:\/\/store1.failoverhosting.com.vn\/index.php?rest_route=%2Fwp%2Fv2%2Factivity_type&post=205"}],"curies":[{"name":"wp","href":"https:\/\/api.w.org\/{rel}","templated":true}]}}