{"id":18,"date":"2022-06-08T08:32:05","date_gmt":"2022-06-08T08:32:05","guid":{"rendered":"http:\/\/store1.failoverhosting.com.vn\/?post_type=product&#038;p=18"},"modified":"2022-06-14T02:02:10","modified_gmt":"2022-06-14T02:02:10","slug":"vay-xanh-xep-ly","status":"publish","type":"product","link":"https:\/\/store1.failoverhosting.com.vn\/?product=vay-xanh-xep-ly","title":{"rendered":"V\u00e1y xanh x\u1ebfp ly"},"content":{"rendered":"<p>\u0110\u00e3 l\u00e0 ph\u1ee5 n\u1eef th\u00ec ph\u1ea3i bi\u1ebft m\u1eb7c \u0111\u1eb9p v\u00e0 l\u1ef1a cho m\u00ecnh nh\u1eefng b\u1ed9 \u0111\u1ed3 sang tr\u1ecdng, qu\u00fd ph\u00e1i \u0111\u1ec3 t\u1ef1 tin n\u1ed5i b\u1eadt \u1edf b\u1ea5t k\u1ef3 n\u01a1i \u0111\u00e2u, t\u1eeb c\u00f4ng s\u1edf \u0111\u1ebfn b\u00e0n ti\u1ec7c \u0111\u1ec1u thu h\u00fat m\u1ecdi \u00e1nh m\u1eaft c\u1ee7a nh\u1eefng ng\u01b0\u1eddi xung quanh.<\/p>\n","protected":false},"excerpt":{"rendered":"<p>\u0110\u00e3 l\u00e0 ph\u1ee5 n\u1eef th\u00ec ph\u1ea3i bi\u1ebft m\u1eb7c \u0111\u1eb9p v\u00e0 l\u1ef1a cho m\u00ecnh nh\u1eefng b\u1ed9 \u0111\u1ed3 sang tr\u1ecdng, qu\u00fd ph\u00e1i \u0111\u1ec3 t\u1ef1 tin n\u1ed5i b\u1eadt \u1edf b\u1ea5t k\u1ef3 n\u01a1i \u0111\u00e2u<\/p>\n","protected":false},"featured_media":19,"comment_status":"open","ping_status":"closed","template":"","meta":[],"product_cat":[35],"product_tag":[],"activity_type":[18,19,17,16,20],"class_list":{"0":"post-18","1":"product","2":"type-product","3":"status-publish","4":"has-post-thumbnail","6":"product_cat-vay","7":"type_product-ban-chay-nhat","8":"type_product-san-pham-dac-sac","9":"type_product-san-pham-duoc-de-nghi","10":"type_product-san-pham-moi","11":"type_product-san-pham-noi-bat","13":"first","14":"instock","15":"sale","16":"shipping-taxable","17":"purchasable","18":"product-type-simple"},"_links":{"self":[{"href":"https:\/\/store1.failoverhosting.com.vn\/index.php?rest_route=\/wp\/v2\/product\/18","targetHints":{"allow":["GET"]}}],"collection":[{"href":"https:\/\/store1.failoverhosting.com.vn\/index.php?rest_route=\/wp\/v2\/product"}],"about":[{"href":"https:\/\/store1.failoverhosting.com.vn\/index.php?rest_route=\/wp\/v2\/types\/product"}],"replies":[{"embeddable":true,"href":"https:\/\/store1.failoverhosting.com.vn\/index.php?rest_route=%2Fwp%2Fv2%2Fcomments&post=18"}],"wp:featuredmedia":[{"embeddable":true,"href":"https:\/\/store1.failoverhosting.com.vn\/index.php?rest_route=\/wp\/v2\/media\/19"}],"wp:attachment":[{"href":"https:\/\/store1.failoverhosting.com.vn\/index.php?rest_route=%2Fwp%2Fv2%2Fmedia&parent=18"}],"wp:term":[{"taxonomy":"product_cat","embeddable":true,"href":"https:\/\/store1.failoverhosting.com.vn\/index.php?rest_route=%2Fwp%2Fv2%2Fproduct_cat&post=18"},{"taxonomy":"product_tag","embeddable":true,"href":"https:\/\/store1.failoverhosting.com.vn\/index.php?rest_route=%2Fwp%2Fv2%2Fproduct_tag&post=18"},{"taxonomy":"type_product","embeddable":true,"href":"https:\/\/store1.failoverhosting.com.vn\/index.php?rest_route=%2Fwp%2Fv2%2Factivity_type&post=18"}],"curies":[{"name":"wp","href":"https:\/\/api.w.org\/{rel}","templated":true}]}}