{"id":158,"date":"2022-06-09T03:30:45","date_gmt":"2022-06-09T03:30:45","guid":{"rendered":"http:\/\/store1.failoverhosting.com.vn\/?post_type=product&#038;p=158"},"modified":"2022-07-01T06:37:47","modified_gmt":"2022-07-01T06:37:47","slug":"ao-so-mi-nu%cc%83-form-ro%cc%a3ng","status":"publish","type":"product","link":"https:\/\/store1.failoverhosting.com.vn\/?product=ao-so-mi-nu%cc%83-form-ro%cc%a3ng","title":{"rendered":"A\u0301o s\u01a1 mi n\u01b0\u0303 form r\u00f4\u0323ng"},"content":{"rendered":"<p>\u00c1o S\u01a1 Mi Ki\u1ec3u N\u1eef M\u00e0u Tr\u1eafng ch\u1ea5t l\u1ee5a h\u00e0n \u0111\u1eb9p d\u00e0i tay phong c\u00e1ch ulzzang vintage h\u00e0n qu\u1ed1c cao c\u1ea5p tr\u01a1n<br \/>\n\u00c1o s\u01a1 mi n\u1eef ki\u1ec3u v\u1ea3i l\u1ea1u h\u00e0n mang l\u1ea1i c\u1ea3m gi\u00e1c c\u1ef1c k\u00ec tho\u1ea3i m\u00e1i khi m\u1eb7c<br \/>\nCh\u1ea5t v\u1ea3i l\u1ee5a h\u00e0n cao c\u1ea5p<br \/>\n\u00c1o S\u01a1 Mi Ki\u1ec3u N\u1eef M\u00e0u Tr\u1eafng ch\u1ea5t l\u1ee5a h\u00e0n \u0111\u1eb9p d\u00e0i tay phong c\u00e1ch ulzzang vintage h\u00e0n qu\u1ed1c cao c\u1ea5p tr\u01a1n c\u00f3 b\u1ea3ng size<br \/>\n\u00c1o S\u01a1 Mi Ki\u1ec3u N\u1eef M\u00e0u Tr\u1eafng ch\u1ea5t l\u1ee5a h\u00e0n \u0111\u1eb9p d\u00e0i tay phong c\u00e1ch ulzzang vintage h\u00e0n qu\u1ed1c cao c\u1ea5p tr\u01a1n<\/p>\n","protected":false},"excerpt":{"rendered":"<p>\u00c1o S\u01a1 Mi Ki\u1ec3u N\u1eef M\u00e0u Tr\u1eafng ch\u1ea5t l\u1ee5a h\u00e0n \u0111\u1eb9p d\u00e0i tay phong c\u00e1ch ulzzang vintage h\u00e0n qu\u1ed1c cao c\u1ea5p tr\u01a1n<\/p>\n","protected":false},"featured_media":161,"comment_status":"open","ping_status":"closed","template":"","meta":[],"product_cat":[34],"product_tag":[48],"activity_type":[18,19,17,16,20],"class_list":{"0":"post-158","1":"product","2":"type-product","3":"status-publish","4":"has-post-thumbnail","6":"product_cat-ao-so-mi-nu","7":"product_tag-ao-so-mi","8":"type_product-ban-chay-nhat","9":"type_product-san-pham-dac-sac","10":"type_product-san-pham-duoc-de-nghi","11":"type_product-san-pham-moi","12":"type_product-san-pham-noi-bat","14":"first","15":"instock","16":"shipping-taxable","17":"purchasable","18":"product-type-simple"},"_links":{"self":[{"href":"https:\/\/store1.failoverhosting.com.vn\/index.php?rest_route=\/wp\/v2\/product\/158","targetHints":{"allow":["GET"]}}],"collection":[{"href":"https:\/\/store1.failoverhosting.com.vn\/index.php?rest_route=\/wp\/v2\/product"}],"about":[{"href":"https:\/\/store1.failoverhosting.com.vn\/index.php?rest_route=\/wp\/v2\/types\/product"}],"replies":[{"embeddable":true,"href":"https:\/\/store1.failoverhosting.com.vn\/index.php?rest_route=%2Fwp%2Fv2%2Fcomments&post=158"}],"wp:featuredmedia":[{"embeddable":true,"href":"https:\/\/store1.failoverhosting.com.vn\/index.php?rest_route=\/wp\/v2\/media\/161"}],"wp:attachment":[{"href":"https:\/\/store1.failoverhosting.com.vn\/index.php?rest_route=%2Fwp%2Fv2%2Fmedia&parent=158"}],"wp:term":[{"taxonomy":"product_cat","embeddable":true,"href":"https:\/\/store1.failoverhosting.com.vn\/index.php?rest_route=%2Fwp%2Fv2%2Fproduct_cat&post=158"},{"taxonomy":"product_tag","embeddable":true,"href":"https:\/\/store1.failoverhosting.com.vn\/index.php?rest_route=%2Fwp%2Fv2%2Fproduct_tag&post=158"},{"taxonomy":"type_product","embeddable":true,"href":"https:\/\/store1.failoverhosting.com.vn\/index.php?rest_route=%2Fwp%2Fv2%2Factivity_type&post=158"}],"curies":[{"name":"wp","href":"https:\/\/api.w.org\/{rel}","templated":true}]}}