{"id":14,"date":"2022-06-08T08:23:26","date_gmt":"2022-06-08T08:23:26","guid":{"rendered":"http:\/\/store1.failoverhosting.com.vn\/?post_type=product&#038;p=14"},"modified":"2022-06-14T02:02:22","modified_gmt":"2022-06-14T02:02:22","slug":"dam-ngan-vay-xoe-xanh-ngoc-only","status":"publish","type":"product","link":"https:\/\/store1.failoverhosting.com.vn\/?product=dam-ngan-vay-xoe-xanh-ngoc-only","title":{"rendered":"\u0110\u1ea7m ng\u1eafn v\u00e1y x\u00f2e xanh ng\u1ecdc Only"},"content":{"rendered":"<p>H\u00e3ng ONLY<br \/>\n\u0110\u1ea7m tay b\u00e8o, c\u00f3 x\u1ebfp ly nh\u1ecf ch\u00e2n v\u00e1y, bao chun eo, ch\u1ea5t li\u1ec7u voan<\/p>\n<p>H\u00e0ng gom thanh l\u00fd chinh h\u00e3ng Only \/ Vero Moda, m\u1edbi nguy\u00ean tag.<br \/>\nH\u1ed7 tr\u1ee3 \u0111\u1ed5i tr\u1ea3 7 ng\u00e0y , ship COD to\u00e0n qu\u1ed1c.<\/p>\n","protected":false},"excerpt":{"rendered":"<p>\u0110\u1ea7m tay b\u00e8o, c\u00f3 x\u1ebfp ly nh\u1ecf ch\u00e2n v\u00e1y, bao chun eo, ch\u1ea5t li\u1ec7u voan<\/p>\n","protected":false},"featured_media":15,"comment_status":"open","ping_status":"closed","template":"","meta":[],"product_cat":[35],"product_tag":[38,40,39],"activity_type":[18,19,17,16,20],"class_list":{"0":"post-14","1":"product","2":"type-product","3":"status-publish","4":"has-post-thumbnail","6":"product_cat-vay","7":"product_tag-dam-ngan","8":"product_tag-vay-xanh","9":"product_tag-vay-xoe","10":"type_product-ban-chay-nhat","11":"type_product-san-pham-dac-sac","12":"type_product-san-pham-duoc-de-nghi","13":"type_product-san-pham-moi","14":"type_product-san-pham-noi-bat","16":"first","17":"instock","18":"sale","19":"featured","20":"shipping-taxable","21":"purchasable","22":"product-type-simple"},"_links":{"self":[{"href":"https:\/\/store1.failoverhosting.com.vn\/index.php?rest_route=\/wp\/v2\/product\/14","targetHints":{"allow":["GET"]}}],"collection":[{"href":"https:\/\/store1.failoverhosting.com.vn\/index.php?rest_route=\/wp\/v2\/product"}],"about":[{"href":"https:\/\/store1.failoverhosting.com.vn\/index.php?rest_route=\/wp\/v2\/types\/product"}],"replies":[{"embeddable":true,"href":"https:\/\/store1.failoverhosting.com.vn\/index.php?rest_route=%2Fwp%2Fv2%2Fcomments&post=14"}],"wp:featuredmedia":[{"embeddable":true,"href":"https:\/\/store1.failoverhosting.com.vn\/index.php?rest_route=\/wp\/v2\/media\/15"}],"wp:attachment":[{"href":"https:\/\/store1.failoverhosting.com.vn\/index.php?rest_route=%2Fwp%2Fv2%2Fmedia&parent=14"}],"wp:term":[{"taxonomy":"product_cat","embeddable":true,"href":"https:\/\/store1.failoverhosting.com.vn\/index.php?rest_route=%2Fwp%2Fv2%2Fproduct_cat&post=14"},{"taxonomy":"product_tag","embeddable":true,"href":"https:\/\/store1.failoverhosting.com.vn\/index.php?rest_route=%2Fwp%2Fv2%2Fproduct_tag&post=14"},{"taxonomy":"type_product","embeddable":true,"href":"https:\/\/store1.failoverhosting.com.vn\/index.php?rest_route=%2Fwp%2Fv2%2Factivity_type&post=14"}],"curies":[{"name":"wp","href":"https:\/\/api.w.org\/{rel}","templated":true}]}}