{"id":28,"date":"2022-06-08T08:35:22","date_gmt":"2022-06-08T08:35:22","guid":{"rendered":"http:\/\/store1.failoverhosting.com.vn\/?page_id=28"},"modified":"2022-06-10T10:48:15","modified_gmt":"2022-06-10T10:48:15","slug":"gioi-thieu","status":"publish","type":"page","link":"https:\/\/store1.failoverhosting.com.vn\/?page_id=28","title":{"rendered":"Gi\u1edbi thi\u1ec7u"},"content":{"rendered":"<div class=\"heading_s1\">\n<h2>Ch\u00fang t\u00f4i l\u00e0 ai?<\/h2>\n<\/div>\n<p>GMO-Z.com RUNSYSTEM ti\u1ec1n th\u00e2n l\u00e0 C\u00f4ng ty RUNSYSTEM ho\u1ea1t \u0111\u1ed9ng trong c\u00e1c l\u0129nh v\u1ef1c s\u1ea3n xu\u1ea5t ph\u1ea7n m\u1ec1m, cung c\u1ea5p c\u00e1c gi\u1ea3i ph\u00e1p v\u00e0 d\u1ecbch v\u1ee5 CNTT t\u1ea1i th\u1ecb tr\u01b0\u1eddng Vi\u1ec7t Nam v\u00e0 Nh\u1eadt B\u1ea3n. V\u1edbi ph\u01b0\u01a1ng ch\u00e2m l\u00e0m vi\u1ec7c \u201cWe work for your smile\u201d, GMO-Z.com RUNSYSTEM th\u01b0\u1eddng xuy\u00ean c\u1ea3i ti\u1ebfn m\u00f4i tr\u01b0\u1eddng l\u00e0m vi\u1ec7c, c\u1ea3i ti\u1ebfn k\u1ef9 thu\u1eadt, quy tr\u00ecnh \u0111\u1ec3 cung c\u1ea5p s\u1ea3n ph\u1ea9m ch\u1ea5t l\u01b0\u1ee3ng to\u00e0n c\u1ea7u nh\u1eb1m ph\u00e1t huy t\u1ed1i \u0111a hi\u1ec7u qu\u1ea3 c\u00f4ng vi\u1ec7c, mang l\u1ea1i gi\u00e1 tr\u1ecb to l\u1edbn cho kh\u00e1ch h\u00e0ng c\u0169ng c\u00e1c th\u00e0nh vi\u00ean c\u1ee7a GMO-Z.com RUNSYSTEM.<\/p>\n","protected":false},"excerpt":{"rendered":"<p>Ch\u00fang t\u00f4i l\u00e0 ai? GMO-Z.com RUNSYSTEM ti\u1ec1n th\u00e2n l\u00e0 C\u00f4ng ty RUNSYSTEM ho\u1ea1t \u0111\u1ed9ng trong c\u00e1c l\u0129nh v\u1ef1c s\u1ea3n xu\u1ea5t ph\u1ea7n m\u1ec1m, cung c\u1ea5p c\u00e1c gi\u1ea3i ph\u00e1p v\u00e0 d\u1ecbch v\u1ee5 CNTT t\u1ea1i th\u1ecb tr\u01b0\u1eddng Vi\u1ec7t Nam v\u00e0 Nh\u1eadt B\u1ea3n. V\u1edbi ph\u01b0\u01a1ng ch\u00e2m l\u00e0m vi\u1ec7c \u201cWe work for your smile\u201d, GMO-Z.com RUNSYSTEM th\u01b0\u1eddng xuy\u00ean c\u1ea3i ti\u1ebfn [&hellip;]<\/p>\n","protected":false},"author":1,"featured_media":31,"parent":0,"menu_order":0,"comment_status":"closed","ping_status":"closed","template":"page_template\/about_us.php","meta":{"footnotes":""},"class_list":["post-28","page","type-page","status-publish","has-post-thumbnail","hentry"],"_links":{"self":[{"href":"https:\/\/store1.failoverhosting.com.vn\/index.php?rest_route=\/wp\/v2\/pages\/28","targetHints":{"allow":["GET"]}}],"collection":[{"href":"https:\/\/store1.failoverhosting.com.vn\/index.php?rest_route=\/wp\/v2\/pages"}],"about":[{"href":"https:\/\/store1.failoverhosting.com.vn\/index.php?rest_route=\/wp\/v2\/types\/page"}],"author":[{"embeddable":true,"href":"https:\/\/store1.failoverhosting.com.vn\/index.php?rest_route=\/wp\/v2\/users\/1"}],"replies":[{"embeddable":true,"href":"https:\/\/store1.failoverhosting.com.vn\/index.php?rest_route=%2Fwp%2Fv2%2Fcomments&post=28"}],"version-history":[{"count":4,"href":"https:\/\/store1.failoverhosting.com.vn\/index.php?rest_route=\/wp\/v2\/pages\/28\/revisions"}],"predecessor-version":[{"id":300,"href":"https:\/\/store1.failoverhosting.com.vn\/index.php?rest_route=\/wp\/v2\/pages\/28\/revisions\/300"}],"wp:featuredmedia":[{"embeddable":true,"href":"https:\/\/store1.failoverhosting.com.vn\/index.php?rest_route=\/wp\/v2\/media\/31"}],"wp:attachment":[{"href":"https:\/\/store1.failoverhosting.com.vn\/index.php?rest_route=%2Fwp%2Fv2%2Fmedia&parent=28"}],"curies":[{"name":"wp","href":"https:\/\/api.w.org\/{rel}","templated":true}]}}