{"id":11,"date":"2022-06-08T07:42:15","date_gmt":"2022-06-08T07:42:15","guid":{"rendered":"http:\/\/store1.failoverhosting.com.vn\/?page_id=11"},"modified":"2022-06-08T07:42:15","modified_gmt":"2022-06-08T07:42:15","slug":"tai-khoan","status":"publish","type":"page","link":"https:\/\/store1.failoverhosting.com.vn\/?page_id=11","title":{"rendered":"T\u00e0i kho\u1ea3n"},"content":{"rendered":"<div class=\"woocommerce\"><div class=\"col-xl-6 col-md-10\">\r\n    <div class=\"login_wrap\">\r\n\t\t<div class=\"padding_eight_all bg-white\">\r\n            <div class=\"heading_s1\">\r\n                <h3>\u0110\u0103ng nh\u1eadp<\/h3>\r\n            <\/div>\r\n            <form method=\"post\" class=\"form-login\">\r\n                <input type=\"hidden\" id=\"woocommerce-login-nonce\" name=\"woocommerce-login-nonce\" value=\"068fde72c0\" \/><input type=\"hidden\" name=\"_wp_http_referer\" value=\"\/index.php?rest_route=%2Fwp%2Fv2%2Fpages%2F11\" \/>                <div class=\"form-group\">\r\n                    <input type=\"text\" required=\"\" class=\"form-control\" name=\"email\" placeholder=\"Email ho\u1eb7c t\u00e0i kho\u1ea3n\">\r\n                <\/div>\r\n                <div class=\"form-group\">\r\n                    <input class=\"form-control\" required=\"\" type=\"password\" name=\"password\" placeholder=\"M\u1eadt kh\u1ea9u\">\r\n                <\/div>\r\n                <div class=\"login_footer form-group\">\r\n                    <div class=\"chek-form\">\r\n                        <div class=\"custome-checkbox\">\r\n                            <input class=\"form-check-input\" type=\"checkbox\" name=\"checkbox\" id=\"exampleCheckbox1\" value=\"\">\r\n                            <label class=\"form-check-label\" for=\"exampleCheckbox1\"><span>Ghi nh\u1edb<\/span><\/label>\r\n                        <\/div>\r\n                    <\/div>\r\n                    <a href=\"javascript:void(0);\" class=\"forget_pw\">Qu\u00ean m\u1eadt kh\u1ea9u?<\/a>\r\n                <\/div>\r\n                <div class=\"form-group\">\r\n                    <button type=\"submit\" class=\"btn btn-fill-out btn-block\" name=\"login\">\u0110\u0103ng nh\u1eadp<\/button>\r\n                <\/div>\r\n            <\/form>\r\n            <div class=\"form-note text-center\">Kh\u00f4ng c\u00f3 t\u00e0i kho\u1ea3n? <a href=\"https:\/\/store1.failoverhosting.com.vn\/?page_id=26\">\u0110\u0103ng k\u00fd ngay<\/a><\/div>\r\n        <\/div>\r\n    <\/div>\r\n<\/div>\r\n<\/div>\n","protected":false},"excerpt":{"rendered":"","protected":false},"author":1,"featured_media":0,"parent":0,"menu_order":0,"comment_status":"closed","ping_status":"closed","template":"","meta":{"footnotes":""},"class_list":["post-11","page","type-page","status-publish","hentry"],"_links":{"self":[{"href":"https:\/\/store1.failoverhosting.com.vn\/index.php?rest_route=\/wp\/v2\/pages\/11","targetHints":{"allow":["GET"]}}],"collection":[{"href":"https:\/\/store1.failoverhosting.com.vn\/index.php?rest_route=\/wp\/v2\/pages"}],"about":[{"href":"https:\/\/store1.failoverhosting.com.vn\/index.php?rest_route=\/wp\/v2\/types\/page"}],"author":[{"embeddable":true,"href":"https:\/\/store1.failoverhosting.com.vn\/index.php?rest_route=\/wp\/v2\/users\/1"}],"replies":[{"embeddable":true,"href":"https:\/\/store1.failoverhosting.com.vn\/index.php?rest_route=%2Fwp%2Fv2%2Fcomments&post=11"}],"version-history":[{"count":0,"href":"https:\/\/store1.failoverhosting.com.vn\/index.php?rest_route=\/wp\/v2\/pages\/11\/revisions"}],"wp:attachment":[{"href":"https:\/\/store1.failoverhosting.com.vn\/index.php?rest_route=%2Fwp%2Fv2%2Fmedia&parent=11"}],"curies":[{"name":"wp","href":"https:\/\/api.w.org\/{rel}","templated":true}]}}